{"id":57520,"date":"2024-11-14T18:09:00","date_gmt":"2024-11-14T17:09:00","guid":{"rendered":"https:\/\/www.sanagustin.com\/?post_type=product&#038;p=57520"},"modified":"2025-03-02T11:20:40","modified_gmt":"2025-03-02T10:20:40","slug":"la-monnaie-colombienne","status":"publish","type":"product","link":"https:\/\/www.sanagustin.com\/fr\/producto\/el-diviso-colombia\/","title":{"rendered":"El Diviso \u2013 Colombie"},"content":{"rendered":"<h2><strong>Finca El Diviso \u2013 Colombie\u00a0: tradition et avant-garde dans la culture du caf\u00e9<\/strong><\/h2>\n<p>Situ\u00e9e \u00e0 Bruselas, dans le Pitalito, \u00e0 1\u00a0750 m\u00e8tres d&#039;altitude, Finca El Diviso \u2013 Colombia est un pilier de la production de caf\u00e9 colombienne depuis 28 ans. Fond\u00e9e par Jos\u00e9 Uribe Lasso et aujourd&#039;hui dirig\u00e9e par son fils N\u00e9stor Lasso, la ferme a \u00e9volu\u00e9, passant de la culture de vari\u00e9t\u00e9s traditionnelles \u00e0 une sp\u00e9cialisation dans les vari\u00e9t\u00e9s exotiques, notamment l&#039;Omblig\u00f3n. Ce changement strat\u00e9gique lui a valu des distinctions internationales, notamment une troisi\u00e8me place au Championnat du monde des baristas 2024 \u00e0 Chicago avec un lot d&#039;Omblig\u00f3n.<\/p>\n<h4><strong>N\u00e9stor Lasso : Innovation et jeunesse dans la culture du caf\u00e9<\/strong><\/h4>\n<p>Depuis l&#039;\u00e2ge de 14 ans, N\u00e9stor Lasso se consacre au monde du caf\u00e9, se formant au m\u00e9tier de d\u00e9gustateur et visitant des exploitations innovantes qui l&#039;ont inspir\u00e9 \u00e0 transformer les pratiques traditionnelles de sa famille. \u00c0 25 ans, N\u00e9stor a mis en \u0153uvre des techniques de transformation et de culture avanc\u00e9es pour des vari\u00e9t\u00e9s exotiques, faisant de Finca El Diviso une r\u00e9f\u00e9rence dans la r\u00e9gion. Son leadership a contribu\u00e9 au prestige de la ferme lors des concours internationaux, refl\u00e9tant son engagement pour la qualit\u00e9 et l&#039;innovation.<\/p>\n<h4><img decoding=\"async\" class=\"size-medium wp-image-57630 aligncenter\" src=\"https:\/\/www.sanagustin.com\/wp-content\/uploads\/2024\/11\/WhatsApp-Image-2024-06-05-at-09.04.22-1-1-1000x667.jpeg\" alt=\"El Diviso - Colombie\" width=\"1000\" height=\"667\" srcset=\"https:\/\/www.sanagustin.com\/wp-content\/uploads\/2024\/11\/WhatsApp-Image-2024-06-05-at-09.04.22-1-1-1000x667.jpeg 1000w, https:\/\/www.sanagustin.com\/wp-content\/uploads\/2024\/11\/WhatsApp-Image-2024-06-05-at-09.04.22-1-1-300x200.jpeg 300w, https:\/\/www.sanagustin.com\/wp-content\/uploads\/2024\/11\/WhatsApp-Image-2024-06-05-at-09.04.22-1-1-600x400.jpeg 600w, https:\/\/www.sanagustin.com\/wp-content\/uploads\/2024\/11\/WhatsApp-Image-2024-06-05-at-09.04.22-1-1.jpeg 1200w\" sizes=\"(max-width: 1000px) 100vw, 1000px\" \/><\/h4>\n<h4><strong>Vari\u00e9t\u00e9 Omblig\u00f3n : un caf\u00e9 exceptionnel<\/strong><\/h4>\n<p>La vari\u00e9t\u00e9 Omblig\u00f3n, cultiv\u00e9e \u00e0 la Finca El Diviso, est reconnue pour sa complexit\u00e9 et son profil sensoriel unique. Ce caf\u00e9 se distingue par son parfum de fleurs blanches et son fond fruit\u00e9 aux notes de fleur d&#039;oranger, d&#039;orange, de p\u00eache, de citron, de miel et de bonbons g\u00e9lifi\u00e9s. Son corps robuste et son acidit\u00e9 \u00e9lev\u00e9e en font une exp\u00e9rience sensorielle exceptionnelle, appr\u00e9ci\u00e9e des experts et des amateurs de caf\u00e9 de sp\u00e9cialit\u00e9.<\/p>\n<h4><img decoding=\"async\" class=\"size-medium wp-image-57609 aligncenter\" src=\"https:\/\/www.sanagustin.com\/wp-content\/uploads\/2024\/11\/WhatsApp-Image-2024-06-05-at-09.04.23-2-1000x667.jpeg\" alt=\"El Diviso - Colombie\" width=\"1000\" height=\"667\" srcset=\"https:\/\/www.sanagustin.com\/wp-content\/uploads\/2024\/11\/WhatsApp-Image-2024-06-05-at-09.04.23-2-1000x667.jpeg 1000w, https:\/\/www.sanagustin.com\/wp-content\/uploads\/2024\/11\/WhatsApp-Image-2024-06-05-at-09.04.23-2-300x200.jpeg 300w, https:\/\/www.sanagustin.com\/wp-content\/uploads\/2024\/11\/WhatsApp-Image-2024-06-05-at-09.04.23-2-600x400.jpeg 600w, https:\/\/www.sanagustin.com\/wp-content\/uploads\/2024\/11\/WhatsApp-Image-2024-06-05-at-09.04.23-2.jpeg 1200w\" sizes=\"(max-width: 1000px) 100vw, 1000px\" \/><\/h4>\n<h4><strong>Traitement m\u00e9ticuleux : de la cerise \u00e0 la tasse<\/strong><\/h4>\n<p>Le processus de fabrication du caf\u00e9 Omblig\u00f3n \u00e0 Finca El Diviso est une combinaison de tradition et de techniques innovantes :<\/p>\n<ol>\n<li><strong>S\u00e9lection et flottaison :<\/strong> R\u00e9colte manuelle des cerises m\u00fbres et \u00e9limination des cerises d\u00e9fectueuses par immersion dans l&#039;eau.<\/li>\n<li><strong>Fermentation ana\u00e9robie :<\/strong> Les cerises sont plac\u00e9es dans des sacs de 50 kg et subissent une fermentation ana\u00e9robie pendant 36 heures, d\u00e9veloppant des saveurs complexes.<\/li>\n<li><strong>Oxydation contr\u00f4l\u00e9e :<\/strong> Ils sont ensuite expos\u00e9s \u00e0 des cuves ouvertes pendant 40 heures, permettant une interaction contr\u00f4l\u00e9e avec l&#039;oxyg\u00e8ne, qui influence l&#039;acidit\u00e9 et la douceur du caf\u00e9.<\/li>\n<li><strong>Choc thermique :<\/strong> Les cerises sont immerg\u00e9es dans de l\u2019eau \u00e0 32\u00b0C puis soumises \u00e0 un choc thermique \u00e0 65\u00b0C pendant 30 minutes, affinant leur profil sensoriel.<\/li>\n<li><strong>S\u00e9chage:<\/strong> Enfin, ils sont s\u00e9ch\u00e9s dans des auvents pendant cinq jours, et l&#039;humidit\u00e9 est ajust\u00e9e dans un d\u00e9shumidificateur pour atteindre des niveaux optimaux.<\/li>\n<\/ol>\n<p>Ce processus d\u00e9taill\u00e9 garantit la qualit\u00e9 et le caract\u00e8re unique du caf\u00e9 Omblig\u00f3n, refl\u00e9tant l&#039;engagement de Finca El Diviso envers l&#039;excellence.<\/p>\n<h4><img decoding=\"async\" class=\"size-medium wp-image-57588 aligncenter\" src=\"https:\/\/www.sanagustin.com\/wp-content\/uploads\/2024\/11\/WhatsApp-Image-2024-06-05-at-09.04.22-2-1-1000x667.jpeg\" alt=\"El Diviso - Colombie\" width=\"1000\" height=\"667\" srcset=\"https:\/\/www.sanagustin.com\/wp-content\/uploads\/2024\/11\/WhatsApp-Image-2024-06-05-at-09.04.22-2-1-1000x667.jpeg 1000w, https:\/\/www.sanagustin.com\/wp-content\/uploads\/2024\/11\/WhatsApp-Image-2024-06-05-at-09.04.22-2-1-300x200.jpeg 300w, https:\/\/www.sanagustin.com\/wp-content\/uploads\/2024\/11\/WhatsApp-Image-2024-06-05-at-09.04.22-2-1-600x400.jpeg 600w, https:\/\/www.sanagustin.com\/wp-content\/uploads\/2024\/11\/WhatsApp-Image-2024-06-05-at-09.04.22-2-1.jpeg 1200w\" sizes=\"(max-width: 1000px) 100vw, 1000px\" \/><\/h4>\n<h4><strong>Reconnaissance internationale : Nombril au sommet<\/strong><\/h4>\n<p>La qualit\u00e9 du caf\u00e9 Omblig\u00f3n a \u00e9t\u00e9 reconnue lors de comp\u00e9titions internationales. Lors du Championnat du monde des baristas 2024, organis\u00e9 \u00e0 Chicago, le barista australien Jack Simpson a remport\u00e9 la troisi\u00e8me place avec le caf\u00e9 Omblig\u00f3n de Finca El Diviso, soulignant son profil sensoriel unique et son excellent traitement.<\/p>\n<p>Finca El Diviso, sous la direction de N\u00e9stor Lasso, continue d&#039;innover dans la production de caf\u00e9 de sp\u00e9cialit\u00e9, consolidant sa position sur le march\u00e9 international et contribuant au prestige du caf\u00e9 colombien dans le monde entier.<\/p>\n<p>&nbsp;<\/p>","protected":false},"excerpt":{"rendered":"<h4><strong>Colombie<\/strong><\/h4>\n<ul>\n<li>R\u00e9gion : Bruxelles \u2013 Pitalito<\/li>\n<li>Ferme : El Diviso<\/li>\n<li>Producteur : N\u00e9stor Lasso<\/li>\n<li>C\u00e9page : Omblig\u00f3n<\/li>\n<li>Altitude : 1 750 m\u00e8tres au-dessus du niveau de la mer<\/li>\n<li>Proc\u00e9d\u00e9 : Naturel<\/li>\n<li>Notes : Son parfum de fleur blanche se distingue, avec une base fruit\u00e9e et des notes de fleur d&#039;oranger, d&#039;orange, de p\u00eache, de citron, de miel et de bonbons g\u00e9lifi\u00e9s ; c&#039;est un caf\u00e9 exceptionnel, complexe, exotique, avec du corps et une acidit\u00e9 \u00e9lev\u00e9e.<\/li>\n<li>Score SCA : 91,25<\/li>\n<\/ul>","protected":false},"featured_media":57623,"template":"","meta":[],"product_brand":[],"product_cat":[1834],"product_tag":[1964,613,1202,3240],"class_list":{"0":"post-57520","1":"product","2":"type-product","3":"status-publish","4":"has-post-thumbnail","6":"product_cat-cafes-agotados","7":"product_tag-cafe-de-especialidad","8":"product_tag-colombia","9":"product_tag-natural","10":"product_tag-ombligon","12":"first","13":"outofstock","14":"taxable","15":"shipping-taxable","16":"purchasable","17":"product-type-variable"},"yoast_head":"<!-- This site is optimized with the Yoast SEO Premium plugin v27.3 (Yoast SEO v27.3) - https:\/\/yoast.com\/product\/yoast-seo-premium-wordpress\/ -->\n<title>El Diviso - Colombia<\/title>\n<meta name=\"description\" content=\"Descubre el caf\u00e9 El Diviso - Colombia, ubicado en Bruselas, Pitalito. Del\u00e9itate con la variedad Omblig\u00f3n y conoce la historia de N\u00e9stor Lasso. \u2615\ufe0f\" \/>\n<meta name=\"robots\" content=\"index, follow, max-snippet:-1, max-image-preview:large, max-video-preview:-1\" \/>\n<link rel=\"canonical\" href=\"https:\/\/www.sanagustin.com\/fr\/produit\/la-monnaie-colombienne\/\" \/>\n<meta property=\"og:locale\" content=\"fr_FR\" \/>\n<meta property=\"og:type\" content=\"article\" \/>\n<meta property=\"og:title\" content=\"El Diviso - Colombia\" \/>\n<meta property=\"og:description\" content=\"Caf\u00e9 de especialidad tostado en Le\u00f3n. Caf\u00e9s de origen y lotes limitados. Compra online. Env\u00edos r\u00e1pidos.\" \/>\n<meta property=\"og:url\" content=\"https:\/\/www.sanagustin.com\/fr\/produit\/la-monnaie-colombienne\/\" \/>\n<meta property=\"og:site_name\" content=\"SAN AGUSTIN\" \/>\n<meta property=\"article:publisher\" content=\"https:\/\/www.facebook.com\/SanAgustinCafes\/\" \/>\n<meta property=\"article:modified_time\" content=\"2025-03-02T10:20:40+00:00\" \/>\n<meta property=\"og:image\" content=\"https:\/\/www.sanagustin.com\/wp-content\/uploads\/2024\/11\/WhatsApp-Image-2024-10-29-at-21.02.14-e1731605805123.jpeg\" \/>\n\t<meta property=\"og:image:width\" content=\"1000\" \/>\n\t<meta property=\"og:image:height\" content=\"758\" \/>\n\t<meta property=\"og:image:type\" content=\"image\/jpeg\" \/>\n<meta name=\"twitter:card\" content=\"summary_large_image\" \/>\n<meta name=\"twitter:site\" content=\"@CafesSanAgustin\" \/>\n<meta name=\"twitter:label1\" content=\"Disponibilit\u00e9\" \/>\n\t<meta name=\"twitter:data1\" content=\"Rupture de stock\" \/>\n<script type=\"application\/ld+json\" class=\"yoast-schema-graph\">{\"@context\":\"https:\\\/\\\/schema.org\",\"@graph\":[{\"@type\":\"WebPage\",\"@id\":\"https:\\\/\\\/www.sanagustin.com\\\/producto\\\/el-diviso-colombia\\\/\",\"url\":\"https:\\\/\\\/www.sanagustin.com\\\/producto\\\/el-diviso-colombia\\\/\",\"name\":\"El Diviso - Colombia\",\"isPartOf\":{\"@id\":\"https:\\\/\\\/www.sanagustin.com\\\/#website\"},\"primaryImageOfPage\":{\"@id\":\"https:\\\/\\\/www.sanagustin.com\\\/producto\\\/el-diviso-colombia\\\/#primaryimage\"},\"image\":{\"@id\":\"https:\\\/\\\/www.sanagustin.com\\\/producto\\\/el-diviso-colombia\\\/#primaryimage\"},\"thumbnailUrl\":\"https:\\\/\\\/www.sanagustin.com\\\/wp-content\\\/uploads\\\/2024\\\/11\\\/WhatsApp-Image-2024-10-29-at-21.02.14-e1731605805123.jpeg\",\"datePublished\":\"2024-11-14T17:09:00+00:00\",\"dateModified\":\"2025-03-02T10:20:40+00:00\",\"description\":\"Descubre el caf\u00e9 El Diviso - Colombia, ubicado en Bruselas, Pitalito. Del\u00e9itate con la variedad Omblig\u00f3n y conoce la historia de N\u00e9stor Lasso. \u2615\ufe0f\",\"breadcrumb\":{\"@id\":\"https:\\\/\\\/www.sanagustin.com\\\/producto\\\/el-diviso-colombia\\\/#breadcrumb\"},\"inLanguage\":\"fr-FR\",\"potentialAction\":[{\"@type\":\"ReadAction\",\"target\":[\"https:\\\/\\\/www.sanagustin.com\\\/producto\\\/el-diviso-colombia\\\/\"]}]},{\"@type\":\"ImageObject\",\"inLanguage\":\"fr-FR\",\"@id\":\"https:\\\/\\\/www.sanagustin.com\\\/producto\\\/el-diviso-colombia\\\/#primaryimage\",\"url\":\"https:\\\/\\\/www.sanagustin.com\\\/wp-content\\\/uploads\\\/2024\\\/11\\\/WhatsApp-Image-2024-10-29-at-21.02.14-e1731605805123.jpeg\",\"contentUrl\":\"https:\\\/\\\/www.sanagustin.com\\\/wp-content\\\/uploads\\\/2024\\\/11\\\/WhatsApp-Image-2024-10-29-at-21.02.14-e1731605805123.jpeg\",\"width\":1000,\"height\":758,\"caption\":\"El Diviso - Colombia\"},{\"@type\":\"BreadcrumbList\",\"@id\":\"https:\\\/\\\/www.sanagustin.com\\\/producto\\\/el-diviso-colombia\\\/#breadcrumb\",\"itemListElement\":[{\"@type\":\"ListItem\",\"position\":1,\"name\":\"Portada\",\"item\":\"https:\\\/\\\/www.sanagustin.com\\\/\"},{\"@type\":\"ListItem\",\"position\":2,\"name\":\"Tienda\",\"item\":\"https:\\\/\\\/www.sanagustin.com\\\/tienda\\\/\"},{\"@type\":\"ListItem\",\"position\":3,\"name\":\"El Diviso &#8211; Colombia\"}]},{\"@type\":\"WebSite\",\"@id\":\"https:\\\/\\\/www.sanagustin.com\\\/#website\",\"url\":\"https:\\\/\\\/www.sanagustin.com\\\/\",\"name\":\"SAN AGUST\u00cdN\",\"description\":\"Tostador de caf&eacute; de especialidad en Le&oacute;n. Venta online en Europa.\",\"publisher\":{\"@id\":\"https:\\\/\\\/www.sanagustin.com\\\/#organization\"},\"alternateName\":\"San Agust\u00edn Tostadores de Caf\u00e9\",\"potentialAction\":[{\"@type\":\"SearchAction\",\"target\":{\"@type\":\"EntryPoint\",\"urlTemplate\":\"https:\\\/\\\/www.sanagustin.com\\\/?s={search_term_string}\"},\"query-input\":{\"@type\":\"PropertyValueSpecification\",\"valueRequired\":true,\"valueName\":\"search_term_string\"}}],\"inLanguage\":\"fr-FR\"},{\"@type\":\"Organization\",\"@id\":\"https:\\\/\\\/www.sanagustin.com\\\/#organization\",\"name\":\"San Agust\u00edn Tostadores de Caf\u00e9\",\"alternateName\":\"San Agust\u00edn\",\"url\":\"https:\\\/\\\/www.sanagustin.com\\\/\",\"logo\":{\"@type\":\"ImageObject\",\"inLanguage\":\"fr-FR\",\"@id\":\"https:\\\/\\\/www.sanagustin.com\\\/#\\\/schema\\\/logo\\\/image\\\/\",\"url\":\"https:\\\/\\\/www.sanagustin.com\\\/wp-content\\\/uploads\\\/2024\\\/02\\\/cropped-512x512-2.png\",\"contentUrl\":\"https:\\\/\\\/www.sanagustin.com\\\/wp-content\\\/uploads\\\/2024\\\/02\\\/cropped-512x512-2.png\",\"width\":512,\"height\":512,\"caption\":\"San Agust\u00edn Tostadores de Caf\u00e9\"},\"image\":{\"@id\":\"https:\\\/\\\/www.sanagustin.com\\\/#\\\/schema\\\/logo\\\/image\\\/\"},\"sameAs\":[\"https:\\\/\\\/www.facebook.com\\\/SanAgustinCafes\\\/\",\"https:\\\/\\\/x.com\\\/CafesSanAgustin\",\"https:\\\/\\\/mastodon.social\\\/@sanagustin\",\"https:\\\/\\\/www.instagram.com\\\/sanagustincafes\\\/\",\"https:\\\/\\\/www.tumblr.com\\\/blog\\\/sanagustincafes\"],\"description\":\"San Agust\u00edn es un tostador independiente de caf\u00e9s de especialidad.\",\"email\":\"info@sanagustin.com\",\"telephone\":\"675743714\",\"legalName\":\"San Agust\u00edn Tostadores De Caf\u00e9 S.L.\",\"foundingDate\":\"2020-07-20\",\"vatID\":\"ESB01621838\",\"taxID\":\"ESB01621838\",\"publishingPrinciples\":\"https:\\\/\\\/www.sanagustin.com\\\/valores\\\/\",\"ownershipFundingInfo\":\"https:\\\/\\\/www.sanagustin.com\\\/cafes-san-agustin-quienes-somos\\\/\",\"ethicsPolicy\":\"https:\\\/\\\/www.sanagustin.com\\\/valores\\\/\",\"hasMerchantReturnPolicy\":{\"@type\":\"MerchantReturnPolicy\",\"merchantReturnLink\":\"https:\\\/\\\/www.sanagustin.com\\\/fr\\\/devoluciones-y-reembolsos\\\/\"}}]}<\/script>\n<meta property=\"og:availability\" content=\"out of stock\" \/>\n<meta property=\"product:availability\" content=\"out of stock\" \/>\n<meta property=\"product:condition\" content=\"new\" \/>\n<!-- \/ Yoast SEO Premium plugin. -->","yoast_head_json":{"title":"El Diviso - Colombie","description":"D\u00e9couvrez El Diviso - Colombia coffee, situ\u00e9 \u00e0 Bruselas, Pitalito. Savourez la vari\u00e9t\u00e9 Omblig\u00f3n et d\u00e9couvrez l&#039;histoire de N\u00e9stor Lasso. \u2615\ufe0f","robots":{"index":"index","follow":"follow","max-snippet":"max-snippet:-1","max-image-preview":"max-image-preview:large","max-video-preview":"max-video-preview:-1"},"canonical":"https:\/\/www.sanagustin.com\/fr\/produit\/la-monnaie-colombienne\/","og_locale":"fr_FR","og_type":"article","og_title":"El Diviso - Colombia","og_description":"Caf\u00e9 de especialidad tostado en Le\u00f3n. Caf\u00e9s de origen y lotes limitados. Compra online. Env\u00edos r\u00e1pidos.","og_url":"https:\/\/www.sanagustin.com\/fr\/produit\/la-monnaie-colombienne\/","og_site_name":"SAN AGUSTIN","article_publisher":"https:\/\/www.facebook.com\/SanAgustinCafes\/","article_modified_time":"2025-03-02T10:20:40+00:00","og_image":[{"width":1000,"height":758,"url":"https:\/\/www.sanagustin.com\/wp-content\/uploads\/2024\/11\/WhatsApp-Image-2024-10-29-at-21.02.14-e1731605805123.jpeg","type":"image\/jpeg"}],"twitter_card":"summary_large_image","twitter_site":"@CafesSanAgustin","twitter_misc":{"Disponibilit\u00e9":"Rupture de stock"},"schema":{"@context":"https:\/\/schema.org","@graph":[{"@type":"WebPage","@id":"https:\/\/www.sanagustin.com\/producto\/el-diviso-colombia\/","url":"https:\/\/www.sanagustin.com\/producto\/el-diviso-colombia\/","name":"El Diviso - Colombie","isPartOf":{"@id":"https:\/\/www.sanagustin.com\/#website"},"primaryImageOfPage":{"@id":"https:\/\/www.sanagustin.com\/producto\/el-diviso-colombia\/#primaryimage"},"image":{"@id":"https:\/\/www.sanagustin.com\/producto\/el-diviso-colombia\/#primaryimage"},"thumbnailUrl":"https:\/\/www.sanagustin.com\/wp-content\/uploads\/2024\/11\/WhatsApp-Image-2024-10-29-at-21.02.14-e1731605805123.jpeg","datePublished":"2024-11-14T17:09:00+00:00","dateModified":"2025-03-02T10:20:40+00:00","description":"D\u00e9couvrez El Diviso - Colombia coffee, situ\u00e9 \u00e0 Bruselas, Pitalito. Savourez la vari\u00e9t\u00e9 Omblig\u00f3n et d\u00e9couvrez l&#039;histoire de N\u00e9stor Lasso. \u2615\ufe0f","breadcrumb":{"@id":"https:\/\/www.sanagustin.com\/producto\/el-diviso-colombia\/#breadcrumb"},"inLanguage":"fr-FR","potentialAction":[{"@type":"ReadAction","target":["https:\/\/www.sanagustin.com\/producto\/el-diviso-colombia\/"]}]},{"@type":"ImageObject","inLanguage":"fr-FR","@id":"https:\/\/www.sanagustin.com\/producto\/el-diviso-colombia\/#primaryimage","url":"https:\/\/www.sanagustin.com\/wp-content\/uploads\/2024\/11\/WhatsApp-Image-2024-10-29-at-21.02.14-e1731605805123.jpeg","contentUrl":"https:\/\/www.sanagustin.com\/wp-content\/uploads\/2024\/11\/WhatsApp-Image-2024-10-29-at-21.02.14-e1731605805123.jpeg","width":1000,"height":758,"caption":"El Diviso - Colombia"},{"@type":"BreadcrumbList","@id":"https:\/\/www.sanagustin.com\/producto\/el-diviso-colombia\/#breadcrumb","itemListElement":[{"@type":"ListItem","position":1,"name":"Portada","item":"https:\/\/www.sanagustin.com\/"},{"@type":"ListItem","position":2,"name":"Tienda","item":"https:\/\/www.sanagustin.com\/tienda\/"},{"@type":"ListItem","position":3,"name":"El Diviso &#8211; Colombia"}]},{"@type":"WebSite","@id":"https:\/\/www.sanagustin.com\/#website","url":"https:\/\/www.sanagustin.com\/","name":"SAINT AUGUSTIN","description":"Torr\u00e9facteur de caf\u00e9 de sp\u00e9cialit\u00e9 \u00e0 Le\u00f3n. Vente en ligne en Europe.","publisher":{"@id":"https:\/\/www.sanagustin.com\/#organization"},"alternateName":"San Agust\u00edn Tostadores de Caf\u00e9","potentialAction":[{"@type":"SearchAction","target":{"@type":"EntryPoint","urlTemplate":"https:\/\/www.sanagustin.com\/?s={search_term_string}"},"query-input":{"@type":"PropertyValueSpecification","valueRequired":true,"valueName":"search_term_string"}}],"inLanguage":"fr-FR"},{"@type":"Organization","@id":"https:\/\/www.sanagustin.com\/#organization","name":"Torr\u00e9facteurs de caf\u00e9 San Agust\u00edn","alternateName":"San Agust\u00edn","url":"https:\/\/www.sanagustin.com\/","logo":{"@type":"ImageObject","inLanguage":"fr-FR","@id":"https:\/\/www.sanagustin.com\/#\/schema\/logo\/image\/","url":"https:\/\/www.sanagustin.com\/wp-content\/uploads\/2024\/02\/cropped-512x512-2.png","contentUrl":"https:\/\/www.sanagustin.com\/wp-content\/uploads\/2024\/02\/cropped-512x512-2.png","width":512,"height":512,"caption":"San Agust\u00edn Tostadores de Caf\u00e9"},"image":{"@id":"https:\/\/www.sanagustin.com\/#\/schema\/logo\/image\/"},"sameAs":["https:\/\/www.facebook.com\/SanAgustinCafes\/","https:\/\/x.com\/CafesSanAgustin","https:\/\/mastodon.social\/@sanagustin","https:\/\/www.instagram.com\/sanagustincafes\/","https:\/\/www.tumblr.com\/blog\/sanagustincafes"],"description":"San Agustin est un torr\u00e9facteur ind\u00e9pendant de caf\u00e9s de sp\u00e9cialit\u00e9.","email":"info@sanagustin.com","telephone":"675743714","legalName":"San Agust\u00edn Tostadores De Caf\u00e9 S.L.","foundingDate":"2020-07-20","vatID":"ESB01621838","taxID":"ESB01621838","publishingPrinciples":"https:\/\/www.sanagustin.com\/valores\/","ownershipFundingInfo":"https:\/\/www.sanagustin.com\/cafes-san-agustin-quienes-somos\/","ethicsPolicy":"https:\/\/www.sanagustin.com\/valores\/","hasMerchantReturnPolicy":{"@type":"MerchantReturnPolicy","merchantReturnLink":"https:\/\/www.sanagustin.com\/fr\/devoluciones-y-reembolsos\/"}}]},"og_availability":"out of stock","product_availability":"out of stock","product_condition":"new"},"_links":{"self":[{"href":"https:\/\/www.sanagustin.com\/fr\/wp-json\/wp\/v2\/product\/57520","targetHints":{"allow":["GET"]}}],"collection":[{"href":"https:\/\/www.sanagustin.com\/fr\/wp-json\/wp\/v2\/product"}],"about":[{"href":"https:\/\/www.sanagustin.com\/fr\/wp-json\/wp\/v2\/types\/product"}],"wp:featuredmedia":[{"embeddable":true,"href":"https:\/\/www.sanagustin.com\/fr\/wp-json\/wp\/v2\/media\/57623"}],"wp:attachment":[{"href":"https:\/\/www.sanagustin.com\/fr\/wp-json\/wp\/v2\/media?parent=57520"}],"wp:term":[{"taxonomy":"product_brand","embeddable":true,"href":"https:\/\/www.sanagustin.com\/fr\/wp-json\/wp\/v2\/product_brand?post=57520"},{"taxonomy":"product_cat","embeddable":true,"href":"https:\/\/www.sanagustin.com\/fr\/wp-json\/wp\/v2\/product_cat?post=57520"},{"taxonomy":"product_tag","embeddable":true,"href":"https:\/\/www.sanagustin.com\/fr\/wp-json\/wp\/v2\/product_tag?post=57520"}],"curies":[{"name":"wp","href":"https:\/\/api.w.org\/{rel}","templated":true}]}}