{"id":44896,"date":"2024-04-12T17:43:06","date_gmt":"2024-04-12T15:43:06","guid":{"rendered":"https:\/\/www.sanagustin.com\/?post_type=product&#038;p=44896"},"modified":"2025-03-02T10:40:57","modified_gmt":"2025-03-02T09:40:57","slug":"la-ligne-marcocco-classique-s-av-personnalisee","status":"publish","type":"product","link":"https:\/\/www.sanagustin.com\/fr\/producto\/la-marzocco-linea-classic-s-av-personalizada\/","title":{"rendered":"LA MARZOCCO LINEA CLASSIC S AV \u2013 Personnalis\u00e9"},"content":{"rendered":"<h4>Linea Classic S AV : La machine \u00e0 caf\u00e9 du futur avec 30 ans d&#039;histoire.<\/h4>\n<p>Depuis trois d\u00e9cennies, Linea Classic est un mod\u00e8le embl\u00e9matique de l&#039;histoire du caf\u00e9, gagnant une place dans le c\u0153ur des <a href=\"https:\/\/www.sanagustin.com\/te-encantara-el-aeropress\/\">baristas<\/a> et les amateurs de caf\u00e9 du monde entier <a href=\"https:\/\/www.sanagustin.com\/producto\/la-marzocco-gs3-av\/\">monde<\/a>. Avec un design intemporel et des performances exceptionnelles, ce mod\u00e8le LA MARZOCCO LINEA <a href=\"https:\/\/www.sanagustin.com\/producto\/la-marzocco-linea-classic-s-av\/\">CLASSIQUE S AV<\/a> \u2013 Personnalis\u00e9, il a \u00e9tabli la norme d\u2019excellence dans l\u2019industrie.<\/p>\n<p><img decoding=\"async\" class=\"aligncenter wp-image-45077 size-full\" src=\"https:\/\/www.sanagustin.com\/wp-content\/uploads\/2024\/05\/DSCF3315.jpg\" alt=\"LA MARZOCCO LINEA CLASSIC SAV \" width=\"1000\" height=\"634\" srcset=\"https:\/\/www.sanagustin.com\/wp-content\/uploads\/2024\/05\/DSCF3315.jpg 1000w, https:\/\/www.sanagustin.com\/wp-content\/uploads\/2024\/05\/DSCF3315-300x190.jpg 300w, https:\/\/www.sanagustin.com\/wp-content\/uploads\/2024\/05\/DSCF3315-600x380.jpg 600w\" sizes=\"(max-width: 1000px) 100vw, 1000px\" \/><\/p>\n<p>Forte de plus de 30 ans d&#039;exp\u00e9rience et d&#039;am\u00e9liorations, la Linea Classic S AV est pr\u00eate \u00e0 relever les d\u00e9fis du futur et \u00e0 rester la r\u00e9f\u00e9rence dans le monde du caf\u00e9. Offrant une combinaison in\u00e9gal\u00e9e de performances, de durabilit\u00e9 et de fiabilit\u00e9, la <a href=\"https:\/\/www.sanagustin.com\/producto\/cafetera-la-marzocco-linea-pb-av-excelente-estado\/\">Ligne Classique<\/a> S AV propose un caf\u00e9 de qualit\u00e9 sans pr\u00e9c\u00e9dent pour une nouvelle g\u00e9n\u00e9ration d&#039;amateurs de caf\u00e9.<\/p>\n<p><img decoding=\"async\" class=\"size-full wp-image-45063 aligncenter\" src=\"https:\/\/www.sanagustin.com\/wp-content\/uploads\/2024\/05\/DSCF3311.jpg\" alt=\"LA MARZOCCO LINEA CLASSIC S AV \u2013 Personnalis\u00e9\" width=\"1000\" height=\"668\" srcset=\"https:\/\/www.sanagustin.com\/wp-content\/uploads\/2024\/05\/DSCF3311.jpg 1000w, https:\/\/www.sanagustin.com\/wp-content\/uploads\/2024\/05\/DSCF3311-300x200.jpg 300w, https:\/\/www.sanagustin.com\/wp-content\/uploads\/2024\/05\/DSCF3311-600x401.jpg 600w\" sizes=\"(max-width: 1000px) 100vw, 1000px\" \/><\/p>\n<p>De la s\u00e9lection rigoureuse des mat\u00e9riaux \u00e0 l&#039;attention m\u00e9ticuleuse port\u00e9e \u00e0 chaque d\u00e9tail, chaque machine <a href=\"https:\/\/lamarzocco.com\/es\/es\/productos-comerciales\/maquinas-de-espresso\/linea-classic-s\/\">Ligne S classique<\/a> L&#039;AV est fabriqu\u00e9e avec la qualit\u00e9 et le savoir-faire que vous attendez de La Marzocco. Que vous souhaitiez \u00e9quiper votre caf\u00e9 du meilleur de la technologie caf\u00e9 ou simplement savourer un caf\u00e9 parfaitement pr\u00e9par\u00e9 \u00e0 la maison, la <a href=\"https:\/\/lamarzocco.com\/es\/es\/productos-comerciales\/maquinas-de-espresso\/linea-classic-s\/\">Ligne Classique S AV<\/a> C&#039;est le choix id\u00e9al pour les amateurs de caf\u00e9 les plus exigeants.<\/p>\n<h4><img decoding=\"async\" class=\"size-full wp-image-45065 aligncenter\" src=\"https:\/\/www.sanagustin.com\/wp-content\/uploads\/2024\/05\/DSCF3308.jpg\" alt=\"LA MARZOCCO LINEA CLASSIC S AV \u2013 Personnalis\u00e9\" width=\"1000\" height=\"649\" srcset=\"https:\/\/www.sanagustin.com\/wp-content\/uploads\/2024\/05\/DSCF3308.jpg 1000w, https:\/\/www.sanagustin.com\/wp-content\/uploads\/2024\/05\/DSCF3308-300x195.jpg 300w, https:\/\/www.sanagustin.com\/wp-content\/uploads\/2024\/05\/DSCF3308-600x389.jpg 600w\" sizes=\"(max-width: 1000px) 100vw, 1000px\" \/><\/h4>\n<h4>Linea Classic S AV : une technologie de pointe dans un design classique<\/h4>\n<p><a href=\"https:\/\/lamarzocco.com\/es\/es\/\">La Marzocco<\/a> La LINEA CLASSIC S AV, personnalis\u00e9e en vert p\u00e2le, est disponible en deux versions. Ce mod\u00e8le allie l&#039;esth\u00e9tique classique de son pr\u00e9d\u00e9cesseur \u00e0 un nouveau design classique et anguleux, s&#039;int\u00e9grant parfaitement \u00e0 tout environnement. Parmi les nouvelles fonctionnalit\u00e9s, on compte une technologie int\u00e9gr\u00e9e avec une \u00e9lectronique \u00e0 semi-conducteurs contemporaine, des boutons am\u00e9lior\u00e9s pour une meilleure r\u00e9activit\u00e9 tactile, un double contr\u00f4le de temp\u00e9rature PID et une minuterie standard.<\/p>\n<p>&nbsp;<\/p>\n<p>&nbsp;<\/p>\n<p><img decoding=\"async\" class=\"aligncenter wp-image-45068 size-full\" src=\"https:\/\/www.sanagustin.com\/wp-content\/uploads\/2024\/05\/DSCF3349.jpg\" alt=\"LA MARZOCCO LINEA CLASSIC SAV \" width=\"1000\" height=\"668\" srcset=\"https:\/\/www.sanagustin.com\/wp-content\/uploads\/2024\/05\/DSCF3349.jpg 1000w, https:\/\/www.sanagustin.com\/wp-content\/uploads\/2024\/05\/DSCF3349-300x200.jpg 300w, https:\/\/www.sanagustin.com\/wp-content\/uploads\/2024\/05\/DSCF3349-600x401.jpg 600w\" sizes=\"(max-width: 1000px) 100vw, 1000px\" \/><\/p>\n<p>&nbsp;<\/p>\n<p>Outre ses caract\u00e9ristiques techniques exceptionnelles, la La Marzocco Linea Classic S AV Custom Vert P\u00e2le est une v\u00e9ritable \u0153uvre d&#039;art. Avec tous ses extras et son \u00e9l\u00e9gante peinture vert p\u00e2le, cette machine offre non seulement une pr\u00e9paration expresso de haute qualit\u00e9, mais aussi un excellent rapport qualit\u00e9-prix. <a href=\"https:\/\/www.sanagustin.com\/producto\/la-marzocco-linea-pb-s-av-2-group\/\">qualit\u00e9<\/a>, mais ajoute \u00e9galement une touche d&#039;\u00e9l\u00e9gance et de style \u00e0 n&#039;importe quel d\u00e9cor. Chaque expresso pr\u00e9par\u00e9 avec cette machine t\u00e9moigne de sa pr\u00e9cision et de son excellence, faisant de chaque tasse une exp\u00e9rience m\u00e9morable.<\/p>\n<p>&nbsp;<\/p>\n<p><img decoding=\"async\" class=\"wp-image-45064 size-full aligncenter\" src=\"https:\/\/www.sanagustin.com\/wp-content\/uploads\/2024\/05\/DSCF3310.jpg\" alt=\"LA MARZOCCO LINEA CLASSIC S AV \u2013 Personnalis\u00e9\" width=\"1000\" height=\"668\" srcset=\"https:\/\/www.sanagustin.com\/wp-content\/uploads\/2024\/05\/DSCF3310.jpg 1000w, https:\/\/www.sanagustin.com\/wp-content\/uploads\/2024\/05\/DSCF3310-300x200.jpg 300w, https:\/\/www.sanagustin.com\/wp-content\/uploads\/2024\/05\/DSCF3310-600x401.jpg 600w\" sizes=\"(max-width: 1000px) 100vw, 1000px\" \/><\/p>\n<p>&nbsp;<\/p>\n<p>&nbsp;<\/p>\n<p>De la technologie de pointe au design classique, la La Marzocco Linea Classic S AV est la machine \u00e0 caf\u00e9 parfaite pour tout caf\u00e9 ou <a href=\"https:\/\/www.sanagustin.com\/el-espresso-puede-ser-una-autentica-delicia\/\">amateur de caf\u00e9<\/a> \u00e0 la recherche de performances et d&#039;esth\u00e9tique exceptionnelles.<\/p>\n<p>&nbsp;<\/p>\n<p>&nbsp;<\/p>\n<p><img decoding=\"async\" class=\"wp-image-45074 size-full aligncenter\" src=\"https:\/\/www.sanagustin.com\/wp-content\/uploads\/2024\/05\/DSCF3338.jpg\" alt=\"LA MARZOCCO LINEA CLASSIC S AV \u2013 Personnalis\u00e9\" width=\"1000\" height=\"651\" srcset=\"https:\/\/www.sanagustin.com\/wp-content\/uploads\/2024\/05\/DSCF3338.jpg 1000w, https:\/\/www.sanagustin.com\/wp-content\/uploads\/2024\/05\/DSCF3338-300x195.jpg 300w, https:\/\/www.sanagustin.com\/wp-content\/uploads\/2024\/05\/DSCF3338-600x391.jpg 600w\" sizes=\"(max-width: 1000px) 100vw, 1000px\" \/><\/p>\n<p>&nbsp;<\/p>\n<p>&nbsp;<\/p>","protected":false},"excerpt":{"rendered":"<p>Envie de donner une touche plus authentique \u00e0 votre caf\u00e9\u00a0? D\u00e9couvrez la La Marzocco Linea Classic S AV personnalis\u00e9e en vert p\u00e2le, \u00e9quip\u00e9e de tous les extras n\u00e9cessaires \u00e0 votre caf\u00e9. V\u00e9ritable bijou, cette machine est pr\u00eate \u00e0 vous \u00eatre livr\u00e9e en seulement 48\u00a0heures. Contactez-nous d\u00e8s aujourd&#039;hui et faites-la livrer\u00a0!<\/p>\n<p>Installation (en option) non incluse dans le prix, comprend l&#039;entretien pendant la premi\u00e8re ann\u00e9e avec deux inspections et une garantie, pour seulement 650 \u20ac + TVA.<\/p>\n<p><strong>SUPPL\u00c9MENTS INCLUS :<\/strong><\/p>\n<ul>\n<li>Chauffe-tasses<\/li>\n<li>Lumi\u00e8res de barista<\/li>\n<li>Jambes hautes<\/li>\n<li>Coupes de garde-corps<\/li>\n<li>Peinture corporelle : Vert p\u00e2le<\/li>\n<\/ul>","protected":false},"featured_media":45073,"template":"","meta":[],"product_brand":[],"product_cat":[1974],"product_tag":[1839,1941,1976,1940,1939],"class_list":{"0":"post-44896","1":"product","2":"type-product","3":"status-publish","4":"has-post-thumbnail","6":"product_cat-la-marzocco","7":"product_tag-cafetera","8":"product_tag-classic","9":"product_tag-la-marzocco","10":"product_tag-linea","11":"product_tag-marzocco","13":"first","14":"onbackorder","15":"taxable","16":"shipping-taxable","17":"purchasable","18":"product-type-simple"},"yoast_head":"<!-- This site is optimized with the Yoast SEO Premium plugin v27.3 (Yoast SEO v27.3) - https:\/\/yoast.com\/product\/yoast-seo-premium-wordpress\/ -->\n<title>LA MARZOCCO LINEA CLASSIC S AV Personalizada<\/title>\n<meta name=\"description\" content=\"La Marzocco Linea Classic S AV Personalizada ha ayudado a forjar el mundo del caf\u00e9 durante las \u00faltimas tres d\u00e9cadas, el modelo m\u00e1s antiguo y querido.\" \/>\n<meta name=\"robots\" content=\"index, follow, max-snippet:-1, max-image-preview:large, max-video-preview:-1\" \/>\n<link rel=\"canonical\" href=\"https:\/\/www.sanagustin.com\/fr\/produit\/la-ligne-marcocco-classique-s-av-personnalisee\/\" \/>\n<meta property=\"og:locale\" content=\"fr_FR\" \/>\n<meta property=\"og:type\" content=\"article\" \/>\n<meta property=\"og:title\" content=\"LA MARZOCCO LINEA CLASSIC S AV - Personalizada\" \/>\n<meta property=\"og:description\" content=\"La Marzocco Linea Classic S AV Personalizada ha ayudado a forjar el mundo del caf\u00e9 durante las \u00faltimas tres d\u00e9cadas, el modelo m\u00e1s antiguo y querido.\" \/>\n<meta property=\"og:url\" content=\"https:\/\/www.sanagustin.com\/fr\/produit\/la-ligne-marcocco-classique-s-av-personnalisee\/\" \/>\n<meta property=\"og:site_name\" content=\"SAN AGUSTIN\" \/>\n<meta property=\"article:publisher\" content=\"https:\/\/www.facebook.com\/SanAgustinCafes\/\" \/>\n<meta property=\"article:modified_time\" content=\"2025-03-02T09:40:57+00:00\" \/>\n<meta property=\"og:image\" content=\"https:\/\/www.sanagustin.com\/wp-content\/uploads\/2024\/05\/DSCF3341.jpg\" \/>\n\t<meta property=\"og:image:width\" content=\"1000\" \/>\n\t<meta property=\"og:image:height\" content=\"655\" \/>\n\t<meta property=\"og:image:type\" content=\"image\/jpeg\" \/>\n<meta name=\"twitter:card\" content=\"summary_large_image\" \/>\n<meta name=\"twitter:description\" content=\"La Marzocco Linea Classic S AV Personalizada ha ayudado a forjar el mundo del caf\u00e9 durante las \u00faltimas tres d\u00e9cadas, el modelo m\u00e1s antiguo y querido.\" \/>\n<meta name=\"twitter:site\" content=\"@CafesSanAgustin\" \/>\n<meta name=\"twitter:label1\" content=\"Prix\" \/>\n\t<meta name=\"twitter:data1\" content=\"14.870,00&nbsp;&euro; IVA incluido\" \/>\n\t<meta name=\"twitter:label2\" content=\"Disponibilit\u00e9\" \/>\n\t<meta name=\"twitter:data2\" content=\"En r\u00e9assort\" \/>\n<script type=\"application\/ld+json\" class=\"yoast-schema-graph\">{\"@context\":\"https:\\\/\\\/schema.org\",\"@graph\":[{\"@type\":\"WebPage\",\"@id\":\"https:\\\/\\\/www.sanagustin.com\\\/producto\\\/la-marzocco-linea-classic-s-av-personalizada\\\/\",\"url\":\"https:\\\/\\\/www.sanagustin.com\\\/producto\\\/la-marzocco-linea-classic-s-av-personalizada\",\"name\":\"LA MARZOCCO LINEA CLASSIC S AV Personalizada\",\"isPartOf\":{\"@id\":\"https:\\\/\\\/www.sanagustin.com\\\/#website\"},\"primaryImageOfPage\":{\"@id\":\"https:\\\/\\\/www.sanagustin.com\\\/producto\\\/la-marzocco-linea-classic-s-av-personalizada#primaryimage\"},\"image\":{\"@id\":\"https:\\\/\\\/www.sanagustin.com\\\/producto\\\/la-marzocco-linea-classic-s-av-personalizada#primaryimage\"},\"thumbnailUrl\":\"https:\\\/\\\/www.sanagustin.com\\\/wp-content\\\/uploads\\\/2024\\\/05\\\/DSCF3341.jpg\",\"datePublished\":\"2024-04-12T15:43:06+00:00\",\"dateModified\":\"2025-03-02T09:40:57+00:00\",\"description\":\"La Marzocco Linea Classic S AV Personalizada ha ayudado a forjar el mundo del caf\u00e9 durante las \u00faltimas tres d\u00e9cadas, el modelo m\u00e1s antiguo y querido.\",\"breadcrumb\":{\"@id\":\"https:\\\/\\\/www.sanagustin.com\\\/producto\\\/la-marzocco-linea-classic-s-av-personalizada#breadcrumb\"},\"inLanguage\":\"fr-FR\",\"potentialAction\":[{\"@type\":\"ReadAction\",\"target\":[\"https:\\\/\\\/www.sanagustin.com\\\/producto\\\/la-marzocco-linea-classic-s-av-personalizada\"]}]},{\"@type\":\"ImageObject\",\"inLanguage\":\"fr-FR\",\"@id\":\"https:\\\/\\\/www.sanagustin.com\\\/producto\\\/la-marzocco-linea-classic-s-av-personalizada#primaryimage\",\"url\":\"https:\\\/\\\/www.sanagustin.com\\\/wp-content\\\/uploads\\\/2024\\\/05\\\/DSCF3341.jpg\",\"contentUrl\":\"https:\\\/\\\/www.sanagustin.com\\\/wp-content\\\/uploads\\\/2024\\\/05\\\/DSCF3341.jpg\",\"width\":1000,\"height\":655,\"caption\":\"LA MARZOCCO LINEA CLASSIC S AV \u2013 Personalizada\"},{\"@type\":\"BreadcrumbList\",\"@id\":\"https:\\\/\\\/www.sanagustin.com\\\/producto\\\/la-marzocco-linea-classic-s-av-personalizada#breadcrumb\",\"itemListElement\":[{\"@type\":\"ListItem\",\"position\":1,\"name\":\"Portada\",\"item\":\"https:\\\/\\\/www.sanagustin.com\\\/\"},{\"@type\":\"ListItem\",\"position\":2,\"name\":\"Tienda\",\"item\":\"https:\\\/\\\/www.sanagustin.com\\\/tienda\\\/\"},{\"@type\":\"ListItem\",\"position\":3,\"name\":\"LA MARZOCCO LINEA CLASSIC S AV &#8211; Personalizada\"}]},{\"@type\":\"WebSite\",\"@id\":\"https:\\\/\\\/www.sanagustin.com\\\/#website\",\"url\":\"https:\\\/\\\/www.sanagustin.com\\\/\",\"name\":\"SAN AGUST\u00cdN\",\"description\":\"Tostador de caf&eacute; de especialidad en Le&oacute;n. Venta online en Europa.\",\"publisher\":{\"@id\":\"https:\\\/\\\/www.sanagustin.com\\\/#organization\"},\"alternateName\":\"San Agust\u00edn Tostadores de Caf\u00e9\",\"potentialAction\":[{\"@type\":\"SearchAction\",\"target\":{\"@type\":\"EntryPoint\",\"urlTemplate\":\"https:\\\/\\\/www.sanagustin.com\\\/?s={search_term_string}\"},\"query-input\":{\"@type\":\"PropertyValueSpecification\",\"valueRequired\":true,\"valueName\":\"search_term_string\"}}],\"inLanguage\":\"fr-FR\"},{\"@type\":\"Organization\",\"@id\":\"https:\\\/\\\/www.sanagustin.com\\\/#organization\",\"name\":\"San Agust\u00edn Tostadores de Caf\u00e9\",\"alternateName\":\"San Agust\u00edn\",\"url\":\"https:\\\/\\\/www.sanagustin.com\\\/\",\"logo\":{\"@type\":\"ImageObject\",\"inLanguage\":\"fr-FR\",\"@id\":\"https:\\\/\\\/www.sanagustin.com\\\/#\\\/schema\\\/logo\\\/image\\\/\",\"url\":\"https:\\\/\\\/www.sanagustin.com\\\/wp-content\\\/uploads\\\/2024\\\/02\\\/cropped-512x512-2.png\",\"contentUrl\":\"https:\\\/\\\/www.sanagustin.com\\\/wp-content\\\/uploads\\\/2024\\\/02\\\/cropped-512x512-2.png\",\"width\":512,\"height\":512,\"caption\":\"San Agust\u00edn Tostadores de Caf\u00e9\"},\"image\":{\"@id\":\"https:\\\/\\\/www.sanagustin.com\\\/#\\\/schema\\\/logo\\\/image\\\/\"},\"sameAs\":[\"https:\\\/\\\/www.facebook.com\\\/SanAgustinCafes\\\/\",\"https:\\\/\\\/x.com\\\/CafesSanAgustin\",\"https:\\\/\\\/mastodon.social\\\/@sanagustin\",\"https:\\\/\\\/www.instagram.com\\\/sanagustincafes\\\/\",\"https:\\\/\\\/www.tumblr.com\\\/blog\\\/sanagustincafes\"],\"description\":\"San Agust\u00edn es un tostador independiente de caf\u00e9s de especialidad.\",\"email\":\"info@sanagustin.com\",\"telephone\":\"675743714\",\"legalName\":\"San Agust\u00edn Tostadores De Caf\u00e9 S.L.\",\"foundingDate\":\"2020-07-20\",\"vatID\":\"ESB01621838\",\"taxID\":\"ESB01621838\",\"publishingPrinciples\":\"https:\\\/\\\/www.sanagustin.com\\\/valores\\\/\",\"ownershipFundingInfo\":\"https:\\\/\\\/www.sanagustin.com\\\/cafes-san-agustin-quienes-somos\\\/\",\"ethicsPolicy\":\"https:\\\/\\\/www.sanagustin.com\\\/valores\\\/\",\"hasMerchantReturnPolicy\":{\"@type\":\"MerchantReturnPolicy\",\"merchantReturnLink\":\"https:\\\/\\\/www.sanagustin.com\\\/fr\\\/devoluciones-y-reembolsos\\\/\"}}]}<\/script>\n<meta property=\"product:price:amount\" content=\"14870.00\" \/>\n<meta property=\"product:price:currency\" content=\"EUR\" \/>\n<meta property=\"og:availability\" content=\"backorder\" \/>\n<meta property=\"product:availability\" content=\"available for order\" \/>\n<meta property=\"product:retailer_item_id\" content=\"classicav-verde p\u00e1lido\" \/>\n<meta property=\"product:condition\" content=\"new\" \/>\n<!-- \/ Yoast SEO Premium plugin. -->","yoast_head_json":{"title":"LA MARZOCCO LINEA CLASSIC S AV Personnalis\u00e9","description":"La Marzocco Linea Classic S AV Personalized a contribu\u00e9 \u00e0 fa\u00e7onner le monde du caf\u00e9 au cours des trois derni\u00e8res d\u00e9cennies, le mod\u00e8le le plus ancien et le plus appr\u00e9ci\u00e9.","robots":{"index":"index","follow":"follow","max-snippet":"max-snippet:-1","max-image-preview":"max-image-preview:large","max-video-preview":"max-video-preview:-1"},"canonical":"https:\/\/www.sanagustin.com\/fr\/produit\/la-ligne-marcocco-classique-s-av-personnalisee\/","og_locale":"fr_FR","og_type":"article","og_title":"LA MARZOCCO LINEA CLASSIC S AV - Personalizada","og_description":"La Marzocco Linea Classic S AV Personalizada ha ayudado a forjar el mundo del caf\u00e9 durante las \u00faltimas tres d\u00e9cadas, el modelo m\u00e1s antiguo y querido.","og_url":"https:\/\/www.sanagustin.com\/fr\/produit\/la-ligne-marcocco-classique-s-av-personnalisee\/","og_site_name":"SAN AGUSTIN","article_publisher":"https:\/\/www.facebook.com\/SanAgustinCafes\/","article_modified_time":"2025-03-02T09:40:57+00:00","og_image":[{"width":1000,"height":655,"url":"https:\/\/www.sanagustin.com\/wp-content\/uploads\/2024\/05\/DSCF3341.jpg","type":"image\/jpeg"}],"twitter_card":"summary_large_image","twitter_description":"La Marzocco Linea Classic S AV Personalizada ha ayudado a forjar el mundo del caf\u00e9 durante las \u00faltimas tres d\u00e9cadas, el modelo m\u00e1s antiguo y querido.","twitter_site":"@CafesSanAgustin","twitter_misc":{"Prix":"14.870,00&nbsp;&euro; IVA incluido","Disponibilit\u00e9":"En r\u00e9assort"},"schema":{"@context":"https:\/\/schema.org","@graph":[{"@type":"WebPage","@id":"https:\/\/www.sanagustin.com\/producto\/la-marzocco-linea-classic-s-av-personalizada\/","url":"https:\/\/www.sanagustin.com\/producto\/la-marzocco-linea-classic-s-av-personalizada","name":"LA MARZOCCO LINEA CLASSIC S AV Personnalis\u00e9","isPartOf":{"@id":"https:\/\/www.sanagustin.com\/#website"},"primaryImageOfPage":{"@id":"https:\/\/www.sanagustin.com\/producto\/la-marzocco-linea-classic-s-av-personalizada#primaryimage"},"image":{"@id":"https:\/\/www.sanagustin.com\/producto\/la-marzocco-linea-classic-s-av-personalizada#primaryimage"},"thumbnailUrl":"https:\/\/www.sanagustin.com\/wp-content\/uploads\/2024\/05\/DSCF3341.jpg","datePublished":"2024-04-12T15:43:06+00:00","dateModified":"2025-03-02T09:40:57+00:00","description":"La Marzocco Linea Classic S AV Personalized a contribu\u00e9 \u00e0 fa\u00e7onner le monde du caf\u00e9 au cours des trois derni\u00e8res d\u00e9cennies, le mod\u00e8le le plus ancien et le plus appr\u00e9ci\u00e9.","breadcrumb":{"@id":"https:\/\/www.sanagustin.com\/producto\/la-marzocco-linea-classic-s-av-personalizada#breadcrumb"},"inLanguage":"fr-FR","potentialAction":[{"@type":"ReadAction","target":["https:\/\/www.sanagustin.com\/producto\/la-marzocco-linea-classic-s-av-personalizada"]}]},{"@type":"ImageObject","inLanguage":"fr-FR","@id":"https:\/\/www.sanagustin.com\/producto\/la-marzocco-linea-classic-s-av-personalizada#primaryimage","url":"https:\/\/www.sanagustin.com\/wp-content\/uploads\/2024\/05\/DSCF3341.jpg","contentUrl":"https:\/\/www.sanagustin.com\/wp-content\/uploads\/2024\/05\/DSCF3341.jpg","width":1000,"height":655,"caption":"LA MARZOCCO LINEA CLASSIC S AV \u2013 Personalizada"},{"@type":"BreadcrumbList","@id":"https:\/\/www.sanagustin.com\/producto\/la-marzocco-linea-classic-s-av-personalizada#breadcrumb","itemListElement":[{"@type":"ListItem","position":1,"name":"Portada","item":"https:\/\/www.sanagustin.com\/"},{"@type":"ListItem","position":2,"name":"Tienda","item":"https:\/\/www.sanagustin.com\/tienda\/"},{"@type":"ListItem","position":3,"name":"LA MARZOCCO LINEA CLASSIC S AV &#8211; Personalizada"}]},{"@type":"WebSite","@id":"https:\/\/www.sanagustin.com\/#website","url":"https:\/\/www.sanagustin.com\/","name":"SAINT AUGUSTIN","description":"Torr\u00e9facteur de caf\u00e9 de sp\u00e9cialit\u00e9 \u00e0 Le\u00f3n. Vente en ligne en Europe.","publisher":{"@id":"https:\/\/www.sanagustin.com\/#organization"},"alternateName":"San Agust\u00edn Tostadores de Caf\u00e9","potentialAction":[{"@type":"SearchAction","target":{"@type":"EntryPoint","urlTemplate":"https:\/\/www.sanagustin.com\/?s={search_term_string}"},"query-input":{"@type":"PropertyValueSpecification","valueRequired":true,"valueName":"search_term_string"}}],"inLanguage":"fr-FR"},{"@type":"Organization","@id":"https:\/\/www.sanagustin.com\/#organization","name":"Torr\u00e9facteurs de caf\u00e9 San Agust\u00edn","alternateName":"San Agust\u00edn","url":"https:\/\/www.sanagustin.com\/","logo":{"@type":"ImageObject","inLanguage":"fr-FR","@id":"https:\/\/www.sanagustin.com\/#\/schema\/logo\/image\/","url":"https:\/\/www.sanagustin.com\/wp-content\/uploads\/2024\/02\/cropped-512x512-2.png","contentUrl":"https:\/\/www.sanagustin.com\/wp-content\/uploads\/2024\/02\/cropped-512x512-2.png","width":512,"height":512,"caption":"San Agust\u00edn Tostadores de Caf\u00e9"},"image":{"@id":"https:\/\/www.sanagustin.com\/#\/schema\/logo\/image\/"},"sameAs":["https:\/\/www.facebook.com\/SanAgustinCafes\/","https:\/\/x.com\/CafesSanAgustin","https:\/\/mastodon.social\/@sanagustin","https:\/\/www.instagram.com\/sanagustincafes\/","https:\/\/www.tumblr.com\/blog\/sanagustincafes"],"description":"San Agustin est un torr\u00e9facteur ind\u00e9pendant de caf\u00e9s de sp\u00e9cialit\u00e9.","email":"info@sanagustin.com","telephone":"675743714","legalName":"San Agust\u00edn Tostadores De Caf\u00e9 S.L.","foundingDate":"2020-07-20","vatID":"ESB01621838","taxID":"ESB01621838","publishingPrinciples":"https:\/\/www.sanagustin.com\/valores\/","ownershipFundingInfo":"https:\/\/www.sanagustin.com\/cafes-san-agustin-quienes-somos\/","ethicsPolicy":"https:\/\/www.sanagustin.com\/valores\/","hasMerchantReturnPolicy":{"@type":"MerchantReturnPolicy","merchantReturnLink":"https:\/\/www.sanagustin.com\/fr\/devoluciones-y-reembolsos\/"}}]},"product_price_amount":"14870.00","product_price_currency":"EUR","og_availability":"backorder","product_availability":"available for order","product_retailer_item_id":"classicav-verde p\u00e1lido","product_condition":"new"},"_links":{"self":[{"href":"https:\/\/www.sanagustin.com\/fr\/wp-json\/wp\/v2\/product\/44896","targetHints":{"allow":["GET"]}}],"collection":[{"href":"https:\/\/www.sanagustin.com\/fr\/wp-json\/wp\/v2\/product"}],"about":[{"href":"https:\/\/www.sanagustin.com\/fr\/wp-json\/wp\/v2\/types\/product"}],"wp:featuredmedia":[{"embeddable":true,"href":"https:\/\/www.sanagustin.com\/fr\/wp-json\/wp\/v2\/media\/45073"}],"wp:attachment":[{"href":"https:\/\/www.sanagustin.com\/fr\/wp-json\/wp\/v2\/media?parent=44896"}],"wp:term":[{"taxonomy":"product_brand","embeddable":true,"href":"https:\/\/www.sanagustin.com\/fr\/wp-json\/wp\/v2\/product_brand?post=44896"},{"taxonomy":"product_cat","embeddable":true,"href":"https:\/\/www.sanagustin.com\/fr\/wp-json\/wp\/v2\/product_cat?post=44896"},{"taxonomy":"product_tag","embeddable":true,"href":"https:\/\/www.sanagustin.com\/fr\/wp-json\/wp\/v2\/product_tag?post=44896"}],"curies":[{"name":"wp","href":"https:\/\/api.w.org\/{rel}","templated":true}]}}